{"id":57,"date":"2020-11-02T13:45:28","date_gmt":"2020-11-02T12:45:28","guid":{"rendered":"http:\/\/localhost\/aubergeajoie2\/?page_id=57"},"modified":"2020-12-12T15:34:01","modified_gmt":"2020-12-12T14:34:01","slug":"a-propos","status":"publish","type":"page","link":"https:\/\/aubergedajoie.ch\/de\/a-propos\/","title":{"rendered":"\u00dcber uns"},"content":{"rendered":"<div data-elementor-type=\"wp-page\" data-elementor-id=\"57\" class=\"elementor elementor-57\" data-elementor-post-type=\"page\">\n\t\t\t\t\t\t<section class=\"elementor-section elementor-top-section elementor-element elementor-element-58549b0 elementor-section-boxed elementor-section-height-default elementor-section-height-default\" data-id=\"58549b0\" data-element_type=\"section\" data-e-type=\"section\">\n\t\t\t\t\t\t<div class=\"elementor-container elementor-column-gap-default\">\n\t\t\t\t\t<div class=\"elementor-column elementor-col-100 elementor-top-column elementor-element elementor-element-73b29d7\" data-id=\"73b29d7\" data-element_type=\"column\" data-e-type=\"column\">\n\t\t\t<div class=\"elementor-widget-wrap elementor-element-populated\">\n\t\t\t\t\t\t<div class=\"elementor-element elementor-element-9f65b20 elementor-widget elementor-widget-image\" data-id=\"9f65b20\" data-element_type=\"widget\" data-e-type=\"widget\" data-widget_type=\"image.default\">\n\t\t\t\t<div class=\"elementor-widget-container\">\n\t\t\t\t\t\t\t\t\t\t\t\t\t\t\t<img fetchpriority=\"high\" decoding=\"async\" width=\"1024\" height=\"684\" src=\"https:\/\/aubergedajoie.ch\/wp-content\/uploads\/2020\/11\/cafe-porrentruy-heureux-maison-1024x684.jpg\" class=\"attachment-large size-large wp-image-4485\" alt=\"\" srcset=\"https:\/\/aubergedajoie.ch\/wp-content\/uploads\/2020\/11\/cafe-porrentruy-heureux-maison-1024x684.jpg 1024w, https:\/\/aubergedajoie.ch\/wp-content\/uploads\/2020\/11\/cafe-porrentruy-heureux-maison-300x200.jpg 300w, https:\/\/aubergedajoie.ch\/wp-content\/uploads\/2020\/11\/cafe-porrentruy-heureux-maison-768x513.jpg 768w, https:\/\/aubergedajoie.ch\/wp-content\/uploads\/2020\/11\/cafe-porrentruy-heureux-maison-1536x1026.jpg 1536w, https:\/\/aubergedajoie.ch\/wp-content\/uploads\/2020\/11\/cafe-porrentruy-heureux-maison.jpg 1800w\" sizes=\"(max-width: 1024px) 100vw, 1024px\" \/>\t\t\t\t\t\t\t\t\t\t\t\t\t\t\t<\/div>\n\t\t\t\t<\/div>\n\t\t\t\t\t<\/div>\n\t\t<\/div>\n\t\t\t\t\t<\/div>\n\t\t<\/section>\n\t\t\t\t<section class=\"elementor-section elementor-top-section elementor-element elementor-element-712a578 elementor-section-full_width elementor-section-content-middle elementor-section-stretched elementor-section-height-default elementor-section-height-default\" data-id=\"712a578\" data-element_type=\"section\" data-e-type=\"section\" data-settings=\"{&quot;stretch_section&quot;:&quot;section-stretched&quot;,&quot;background_background&quot;:&quot;classic&quot;}\">\n\t\t\t\t\t\t<div class=\"elementor-container elementor-column-gap-default\">\n\t\t\t\t\t<div class=\"elementor-column elementor-col-100 elementor-top-column elementor-element elementor-element-99c9855\" data-id=\"99c9855\" data-element_type=\"column\" data-e-type=\"column\">\n\t\t\t<div class=\"elementor-widget-wrap elementor-element-populated\">\n\t\t\t\t\t\t<div class=\"elementor-element elementor-element-b5f3bbb elementor-widget elementor-widget-heading\" data-id=\"b5f3bbb\" data-element_type=\"widget\" data-e-type=\"widget\" data-widget_type=\"heading.default\">\n\t\t\t\t<div class=\"elementor-widget-container\">\n\t\t\t\t\t<h2 class=\"elementor-heading-title elementor-size-default\">L\u2019<strong>histoire<\/strong> de l\u2019Auberge<br><br><\/h2>\t\t\t\t<\/div>\n\t\t\t\t<\/div>\n\t\t\t\t<div class=\"elementor-element elementor-element-653089f elementor-widget-divider--view-line elementor-widget elementor-widget-divider\" data-id=\"653089f\" data-element_type=\"widget\" data-e-type=\"widget\" data-widget_type=\"divider.default\">\n\t\t\t\t<div class=\"elementor-widget-container\">\n\t\t\t\t\t\t\t<div class=\"elementor-divider\">\n\t\t\t<span class=\"elementor-divider-separator\">\n\t\t\t\t\t\t<\/span>\n\t\t<\/div>\n\t\t\t\t\t\t<\/div>\n\t\t\t\t<\/div>\n\t\t\t\t<div class=\"elementor-element elementor-element-2806aba elementor-widget elementor-widget-text-editor\" data-id=\"2806aba\" data-element_type=\"widget\" data-e-type=\"widget\" data-widget_type=\"text-editor.default\">\n\t\t\t\t<div class=\"elementor-widget-container\">\n\t\t\t\t\t\t\t\t\t<p>Construite en 1835 par une famille originaire du Sud de l\u2019Allemagne en tant que maison d\u2019habitation avec caf\u00e9 et boulangerie, cette maison a \u00e9t\u00e9 \u00ab modernis\u00e9e \u00bb une premi\u00e8re fois en 1902. Le Porrentruy de l\u2019\u00e9poque \u00e9tait tr\u00e8s anim\u00e9 en raison d\u2019un trafic ferroviaire intense entre la Suisse et la France dont il a profit\u00e9 pleinement.<\/p><p>Le rez-de-chauss\u00e9e a \u00e9t\u00e9 transform\u00e9 en restaurant et les salles et l\u2019appartement de ma\u00eetres des \u00e9tages ont \u00e9t\u00e9 r\u00e9am\u00e9nag\u00e9s. Les superbes fen\u00eatres \u00ab Jugendstil \u00bb et les sols en mosa\u00efque \u00e0 l\u2019entr\u00e9e du restaurant sont les t\u00e9moins les plus marquants de ces transformations. Les peintures murales entre lambris et plafond datent de 1952 et montrent des vues du vieux Porrentruy et de l\u2019Ajoie.<\/p><p>L\u2019h\u00f4tel a ouvert ses portes en 1998 et a \u00e9t\u00e9 qualifi\u00e9 par la nouvelle publication du Patrimoine suisse de l\u2019\u00e9poque comme l\u2019un des plus beaux h\u00f4tels de Suisse pour ses qualit\u00e9s architecturales.<\/p><p>En 2016, le b\u00e2timent change de propri\u00e9taire. Une nouvelle vie est donn\u00e9e \u00e0 la partie caf\u00e9 du rez-de-chauss\u00e9e. L\u2019h\u00f4tel, quant \u00e0 lui, a \u00e9t\u00e9 r\u00e9nov\u00e9 en 2020.<\/p>\t\t\t\t\t\t\t\t<\/div>\n\t\t\t\t<\/div>\n\t\t\t\t\t<\/div>\n\t\t<\/div>\n\t\t\t\t\t<\/div>\n\t\t<\/section>\n\t\t\t\t<section class=\"elementor-section elementor-top-section elementor-element elementor-element-e1baebe elementor-section-full_width elementor-section-content-middle elementor-section-stretched elementor-section-height-default elementor-section-height-default\" data-id=\"e1baebe\" data-element_type=\"section\" data-e-type=\"section\" data-settings=\"{&quot;stretch_section&quot;:&quot;section-stretched&quot;,&quot;background_background&quot;:&quot;classic&quot;}\">\n\t\t\t\t\t\t<div class=\"elementor-container elementor-column-gap-default\">\n\t\t\t\t\t<div class=\"elementor-column elementor-col-100 elementor-top-column elementor-element elementor-element-bf9fd44\" data-id=\"bf9fd44\" data-element_type=\"column\" data-e-type=\"column\">\n\t\t\t<div class=\"elementor-widget-wrap\">\n\t\t\t\t\t\t\t<\/div>\n\t\t<\/div>\n\t\t\t\t\t<\/div>\n\t\t<\/section>\n\t\t\t\t<section class=\"elementor-section elementor-top-section elementor-element elementor-element-47ad4fd0 elementor-section-stretched elementor-section-boxed elementor-section-height-default elementor-section-height-default\" data-id=\"47ad4fd0\" data-element_type=\"section\" data-e-type=\"section\" data-settings=\"{&quot;stretch_section&quot;:&quot;section-stretched&quot;,&quot;background_background&quot;:&quot;classic&quot;}\">\n\t\t\t\t\t\t<div class=\"elementor-container elementor-column-gap-default\">\n\t\t\t\t\t<div class=\"elementor-column elementor-col-100 elementor-top-column elementor-element elementor-element-5a46408b\" data-id=\"5a46408b\" data-element_type=\"column\" data-e-type=\"column\">\n\t\t\t<div class=\"elementor-widget-wrap elementor-element-populated\">\n\t\t\t\t\t\t<div class=\"elementor-element elementor-element-11286d64 elementor-blockquote--skin-quotation elementor-blockquote--align-center elementor-invisible elementor-widget elementor-widget-blockquote\" data-id=\"11286d64\" data-element_type=\"widget\" data-e-type=\"widget\" data-settings=\"{&quot;_animation&quot;:&quot;pulse&quot;}\" data-widget_type=\"blockquote.default\">\n\t\t\t\t<div class=\"elementor-widget-container\">\n\t\t\t\t\t\t\t<blockquote class=\"elementor-blockquote\">\n\t\t\t<p class=\"elementor-blockquote__content\">\n\t\t\t\tUn r\u00eave sans \u00e9toile est un r\u00eave oubli\u00e9\t\t\t<\/p>\n\t\t\t\t\t\t\t<div class=\"e-q-footer\">\n\t\t\t\t\t\t\t\t\t\t\t<cite class=\"elementor-blockquote__author\"><br>Paul Eluard<\/cite>\n\t\t\t\t\t\t\t\t\t\t\t\t\t\t<\/div>\n\t\t\t\t\t<\/blockquote>\n\t\t\t\t\t\t<\/div>\n\t\t\t\t<\/div>\n\t\t\t\t\t<\/div>\n\t\t<\/div>\n\t\t\t\t\t<\/div>\n\t\t<\/section>\n\t\t\t\t<\/div>","protected":false},"excerpt":{"rendered":"<p>L\u2019histoire de l\u2019Auberge Construite en 1835 par une famille originaire du Sud de l\u2019Allemagne en tant que maison d\u2019habitation avec caf\u00e9 et boulangerie, cette maison a \u00e9t\u00e9 \u00ab modernis\u00e9e \u00bb une premi\u00e8re fois en 1902. Le Porrentruy de l\u2019\u00e9poque \u00e9tait tr\u00e8s anim\u00e9 en raison d\u2019un trafic ferroviaire intense entre la Suisse et la France dont [&hellip;]<\/p>\n","protected":false},"author":2,"featured_media":0,"parent":0,"menu_order":0,"comment_status":"closed","ping_status":"closed","template":"","meta":{"footnotes":""},"class_list":["post-57","page","type-page","status-publish","hentry"],"_links":{"self":[{"href":"https:\/\/aubergedajoie.ch\/de\/wp-json\/wp\/v2\/pages\/57","targetHints":{"allow":["GET"]}}],"collection":[{"href":"https:\/\/aubergedajoie.ch\/de\/wp-json\/wp\/v2\/pages"}],"about":[{"href":"https:\/\/aubergedajoie.ch\/de\/wp-json\/wp\/v2\/types\/page"}],"author":[{"embeddable":true,"href":"https:\/\/aubergedajoie.ch\/de\/wp-json\/wp\/v2\/users\/2"}],"replies":[{"embeddable":true,"href":"https:\/\/aubergedajoie.ch\/de\/wp-json\/wp\/v2\/comments?post=57"}],"version-history":[{"count":66,"href":"https:\/\/aubergedajoie.ch\/de\/wp-json\/wp\/v2\/pages\/57\/revisions"}],"predecessor-version":[{"id":5286,"href":"https:\/\/aubergedajoie.ch\/de\/wp-json\/wp\/v2\/pages\/57\/revisions\/5286"}],"wp:attachment":[{"href":"https:\/\/aubergedajoie.ch\/de\/wp-json\/wp\/v2\/media?parent=57"}],"curies":[{"name":"wp","href":"https:\/\/api.w.org\/{rel}","templated":true}]}}