{"id":4556,"date":"2020-11-22T14:55:21","date_gmt":"2020-11-22T13:55:21","guid":{"rendered":"https:\/\/aubergedajoie.ch\/?page_id=4556"},"modified":"2026-03-17T13:32:02","modified_gmt":"2026-03-17T12:32:02","slug":"seminaires","status":"publish","type":"page","link":"https:\/\/aubergedajoie.ch\/de\/seminaires\/","title":{"rendered":"Seminaires"},"content":{"rendered":"<div data-elementor-type=\"wp-page\" data-elementor-id=\"4556\" class=\"elementor elementor-4556\" data-elementor-post-type=\"page\">\n\t\t\t\t\t\t<section class=\"elementor-section elementor-top-section elementor-element elementor-element-58549b0 elementor-section-boxed elementor-section-height-default elementor-section-height-default\" data-id=\"58549b0\" data-element_type=\"section\" data-e-type=\"section\">\n\t\t\t\t\t\t<div class=\"elementor-container elementor-column-gap-default\">\n\t\t\t\t\t<div class=\"elementor-column elementor-col-100 elementor-top-column elementor-element elementor-element-73b29d7\" data-id=\"73b29d7\" data-element_type=\"column\" data-e-type=\"column\">\n\t\t\t<div class=\"elementor-widget-wrap elementor-element-populated\">\n\t\t\t\t\t\t<div class=\"elementor-element elementor-element-9f65b20 elementor-widget elementor-widget-image\" data-id=\"9f65b20\" data-element_type=\"widget\" data-e-type=\"widget\" data-widget_type=\"image.default\">\n\t\t\t\t<div class=\"elementor-widget-container\">\n\t\t\t\t\t\t\t\t\t\t\t\t\t\t\t<img fetchpriority=\"high\" decoding=\"async\" width=\"640\" height=\"426\" src=\"https:\/\/aubergedajoie.ch\/wp-content\/uploads\/2026\/03\/salle_sd.png\" class=\"attachment-large size-large wp-image-5342\" alt=\"\" srcset=\"https:\/\/aubergedajoie.ch\/wp-content\/uploads\/2026\/03\/salle_sd.png 640w, https:\/\/aubergedajoie.ch\/wp-content\/uploads\/2026\/03\/salle_sd-300x200.png 300w\" sizes=\"(max-width: 640px) 100vw, 640px\" \/>\t\t\t\t\t\t\t\t\t\t\t\t\t\t\t<\/div>\n\t\t\t\t<\/div>\n\t\t\t\t\t<\/div>\n\t\t<\/div>\n\t\t\t\t\t<\/div>\n\t\t<\/section>\n\t\t\t\t<section class=\"elementor-section elementor-top-section elementor-element elementor-element-712a578 elementor-section-full_width elementor-section-content-middle elementor-section-stretched elementor-section-height-default elementor-section-height-default\" data-id=\"712a578\" data-element_type=\"section\" data-e-type=\"section\" data-settings=\"{&quot;stretch_section&quot;:&quot;section-stretched&quot;,&quot;background_background&quot;:&quot;classic&quot;}\">\n\t\t\t\t\t\t<div class=\"elementor-container elementor-column-gap-default\">\n\t\t\t\t\t<div class=\"elementor-column elementor-col-100 elementor-top-column elementor-element elementor-element-99c9855\" data-id=\"99c9855\" data-element_type=\"column\" data-e-type=\"column\">\n\t\t\t<div class=\"elementor-widget-wrap elementor-element-populated\">\n\t\t\t\t\t\t<div class=\"elementor-element elementor-element-b5f3bbb elementor-widget elementor-widget-heading\" data-id=\"b5f3bbb\" data-element_type=\"widget\" data-e-type=\"widget\" data-widget_type=\"heading.default\">\n\t\t\t\t<div class=\"elementor-widget-container\">\n\t\t\t\t\t<h2 class=\"elementor-heading-title elementor-size-default\">Seminar<\/h2>\t\t\t\t<\/div>\n\t\t\t\t<\/div>\n\t\t\t\t<div class=\"elementor-element elementor-element-653089f elementor-widget-divider--view-line elementor-widget elementor-widget-divider\" data-id=\"653089f\" data-element_type=\"widget\" data-e-type=\"widget\" data-widget_type=\"divider.default\">\n\t\t\t\t<div class=\"elementor-widget-container\">\n\t\t\t\t\t\t\t<div class=\"elementor-divider\">\n\t\t\t<span class=\"elementor-divider-separator\">\n\t\t\t\t\t\t<\/span>\n\t\t<\/div>\n\t\t\t\t\t\t<\/div>\n\t\t\t\t<\/div>\n\t\t\t\t<div class=\"elementor-element elementor-element-2806aba elementor-widget elementor-widget-text-editor\" data-id=\"2806aba\" data-element_type=\"widget\" data-e-type=\"widget\" data-widget_type=\"text-editor.default\">\n\t\t\t\t<div class=\"elementor-widget-container\">\n\t\t\t\t\t\t\t\t\t<p>Au c\u0153ur de Porrentruy et \u00e0 cinq minutes \u00e0 pieds de la gare, nous proposons une salle privatisable de 100<span class=\"aCOpRe\">m<sup>2<\/sup><\/span>.\u00a0 Elle se situe au premier \u00e9tage de l&rsquo;Auberge et poss\u00e8de un balcon.<\/p><p>Lumineuse et agr\u00e9able, elle sera parfaite pour accueillir vos s\u00e9minaires, formations, ateliers ou encore retraites.<\/p><p>La salle peut \u00eatre s\u00e9par\u00e9e en deux parties par des portes vitr\u00e9es et dispose d&rsquo;un coin cuisine.<\/p><p>La location peut se faire \u00e0 la demie-journ\u00e9e (80CHF) ou \u00e0 la journ\u00e9e (150CHF). Il est possible, de combiner avec la location de la salle, des forfaits boissons.<\/p><p><a href=\"https:\/\/aubergedajoie.ch\/de\/contact\/\"><strong>Contactez-nous<\/strong><\/a>, nous nous ferons un plaisir de vous faire une offre sur mesure !<\/p>\t\t\t\t\t\t\t\t<\/div>\n\t\t\t\t<\/div>\n\t\t\t\t\t<\/div>\n\t\t<\/div>\n\t\t\t\t\t<\/div>\n\t\t<\/section>\n\t\t\t\t<section class=\"elementor-section elementor-top-section elementor-element elementor-element-e1baebe elementor-section-full_width elementor-section-content-middle elementor-section-stretched elementor-section-height-default elementor-section-height-default\" data-id=\"e1baebe\" data-element_type=\"section\" data-e-type=\"section\" data-settings=\"{&quot;stretch_section&quot;:&quot;section-stretched&quot;,&quot;background_background&quot;:&quot;classic&quot;}\">\n\t\t\t\t\t\t<div class=\"elementor-container elementor-column-gap-default\">\n\t\t\t\t\t<div class=\"elementor-column elementor-col-100 elementor-top-column elementor-element elementor-element-bf9fd44\" data-id=\"bf9fd44\" data-element_type=\"column\" data-e-type=\"column\">\n\t\t\t<div class=\"elementor-widget-wrap\">\n\t\t\t\t\t\t\t<\/div>\n\t\t<\/div>\n\t\t\t\t\t<\/div>\n\t\t<\/section>\n\t\t\t\t<section class=\"elementor-section elementor-top-section elementor-element elementor-element-60581b37 elementor-section-stretched elementor-section-boxed elementor-section-height-default elementor-section-height-default\" data-id=\"60581b37\" data-element_type=\"section\" data-e-type=\"section\" data-settings=\"{&quot;stretch_section&quot;:&quot;section-stretched&quot;,&quot;background_background&quot;:&quot;classic&quot;}\">\n\t\t\t\t\t\t<div class=\"elementor-container elementor-column-gap-default\">\n\t\t\t\t\t<div class=\"elementor-column elementor-col-100 elementor-top-column elementor-element elementor-element-7708b631\" data-id=\"7708b631\" data-element_type=\"column\" data-e-type=\"column\">\n\t\t\t<div class=\"elementor-widget-wrap elementor-element-populated\">\n\t\t\t\t\t\t<div class=\"elementor-element elementor-element-13039ce3 elementor-blockquote--skin-quotation elementor-blockquote--align-center elementor-invisible elementor-widget elementor-widget-blockquote\" data-id=\"13039ce3\" data-element_type=\"widget\" data-e-type=\"widget\" data-settings=\"{&quot;_animation&quot;:&quot;pulse&quot;}\" data-widget_type=\"blockquote.default\">\n\t\t\t\t<div class=\"elementor-widget-container\">\n\t\t\t\t\t\t\t<blockquote class=\"elementor-blockquote\">\n\t\t\t<p class=\"elementor-blockquote__content\">\n\t\t\t\tJe ne sais rien avec certitude, <br \/> mais la vue des \u00e9toiles me fait r\u00eaver \t\t\t<\/p>\n\t\t\t\t\t\t\t<div class=\"e-q-footer\">\n\t\t\t\t\t\t\t\t\t\t\t<cite class=\"elementor-blockquote__author\"><br>Vincent Van Gogh<\/cite>\n\t\t\t\t\t\t\t\t\t\t\t\t\t\t<\/div>\n\t\t\t\t\t<\/blockquote>\n\t\t\t\t\t\t<\/div>\n\t\t\t\t<\/div>\n\t\t\t\t\t<\/div>\n\t\t<\/div>\n\t\t\t\t\t<\/div>\n\t\t<\/section>\n\t\t\t\t<\/div>","protected":false},"excerpt":{"rendered":"<p>S\u00e9minaires Au c\u0153ur de Porrentruy et \u00e0 cinq minutes \u00e0 pieds de la gare, nous proposons une salle privatisable de 100m2.\u00a0 Elle se situe au premier \u00e9tage de l&rsquo;Auberge et poss\u00e8de un balcon. Lumineuse et agr\u00e9able, elle sera parfaite pour accueillir vos s\u00e9minaires, formations, ateliers ou encore retraites. La salle peut \u00eatre s\u00e9par\u00e9e en deux [&hellip;]<\/p>\n","protected":false},"author":2,"featured_media":0,"parent":0,"menu_order":0,"comment_status":"closed","ping_status":"closed","template":"","meta":{"footnotes":""},"class_list":["post-4556","page","type-page","status-publish","hentry"],"_links":{"self":[{"href":"https:\/\/aubergedajoie.ch\/de\/wp-json\/wp\/v2\/pages\/4556","targetHints":{"allow":["GET"]}}],"collection":[{"href":"https:\/\/aubergedajoie.ch\/de\/wp-json\/wp\/v2\/pages"}],"about":[{"href":"https:\/\/aubergedajoie.ch\/de\/wp-json\/wp\/v2\/types\/page"}],"author":[{"embeddable":true,"href":"https:\/\/aubergedajoie.ch\/de\/wp-json\/wp\/v2\/users\/2"}],"replies":[{"embeddable":true,"href":"https:\/\/aubergedajoie.ch\/de\/wp-json\/wp\/v2\/comments?post=4556"}],"version-history":[{"count":65,"href":"https:\/\/aubergedajoie.ch\/de\/wp-json\/wp\/v2\/pages\/4556\/revisions"}],"predecessor-version":[{"id":5380,"href":"https:\/\/aubergedajoie.ch\/de\/wp-json\/wp\/v2\/pages\/4556\/revisions\/5380"}],"wp:attachment":[{"href":"https:\/\/aubergedajoie.ch\/de\/wp-json\/wp\/v2\/media?parent=4556"}],"curies":[{"name":"wp","href":"https:\/\/api.w.org\/{rel}","templated":true}]}}