{"id":4216,"date":"2020-11-02T11:54:11","date_gmt":"2020-11-02T10:54:11","guid":{"rendered":"http:\/\/localhost\/aubergeajoie2\/?page_id=7"},"modified":"2026-04-12T16:53:10","modified_gmt":"2026-04-12T14:53:10","slug":"accueil","status":"publish","type":"page","link":"https:\/\/aubergedajoie.ch\/de\/","title":{"rendered":"Startseite"},"content":{"rendered":"<div data-elementor-type=\"wp-page\" data-elementor-id=\"4216\" class=\"elementor elementor-4216\" data-elementor-post-type=\"page\">\n\t\t\t\t\t\t<section class=\"elementor-section elementor-top-section elementor-element elementor-element-6ec5178 elementor-section-full_width elementor-section-stretched elementor-section-height-default elementor-section-height-default\" data-id=\"6ec5178\" data-element_type=\"section\" data-e-type=\"section\" data-settings=\"{&quot;stretch_section&quot;:&quot;section-stretched&quot;}\">\n\t\t\t\t\t\t<div class=\"elementor-container elementor-column-gap-default\">\n\t\t\t\t\t<div class=\"elementor-column elementor-col-100 elementor-top-column elementor-element elementor-element-c8e42d9\" data-id=\"c8e42d9\" data-element_type=\"column\" data-e-type=\"column\">\n\t\t\t<div class=\"elementor-widget-wrap elementor-element-populated\">\n\t\t\t\t\t\t<div class=\"elementor-element elementor-element-1d2c13b elementor-widget__width-inherit elementor--h-position-center elementor--v-position-middle elementor-arrows-position-inside elementor-pagination-position-inside elementor-widget elementor-widget-slides\" data-id=\"1d2c13b\" data-element_type=\"widget\" data-e-type=\"widget\" data-settings=\"{&quot;navigation&quot;:&quot;both&quot;,&quot;autoplay&quot;:&quot;yes&quot;,&quot;pause_on_hover&quot;:&quot;yes&quot;,&quot;pause_on_interaction&quot;:&quot;yes&quot;,&quot;autoplay_speed&quot;:5000,&quot;infinite&quot;:&quot;yes&quot;,&quot;transition&quot;:&quot;slide&quot;,&quot;transition_speed&quot;:500}\" data-widget_type=\"slides.default\">\n\t\t\t\t<div class=\"elementor-widget-container\">\n\t\t\t\t\t\t\t\t\t<div class=\"elementor-swiper\">\n\t\t\t\t\t<div class=\"elementor-slides-wrapper elementor-main-swiper swiper\" role=\"region\" aria-roledescription=\"carousel\" aria-label=\"Diapositives\" dir=\"ltr\" data-animation=\"fadeInUp\">\n\t\t\t\t<div class=\"swiper-wrapper elementor-slides\">\n\t\t\t\t\t\t\t\t\t\t<div class=\"elementor-repeater-item-53a5fe8 swiper-slide\" role=\"group\" aria-roledescription=\"slide\"><div class=\"swiper-slide-bg\" role=\"img\" aria-label=\"auberge-ajoie\"><\/div><div class=\"swiper-slide-inner\" ><div class=\"swiper-slide-contents\"><div class=\"elementor-slide-heading\">H\u00f4tel <em> familial<\/em><br\/> et <strong>caf\u00e9<\/strong> heureux <br\/> \u00e0 Porrentruy <\/div><\/div><\/div><\/div>\t\t\t\t<\/div>\n\t\t\t\t\t\t\t<\/div>\n\t\t\t\t<\/div>\n\t\t\t\t\t\t\t\t<\/div>\n\t\t\t\t<\/div>\n\t\t\t\t\t<\/div>\n\t\t<\/div>\n\t\t\t\t\t<\/div>\n\t\t<\/section>\n\t\t\t\t<section class=\"elementor-section elementor-top-section elementor-element elementor-element-96a3d94 elementor-section-stretched elementor-section-boxed elementor-section-height-default elementor-section-height-default\" data-id=\"96a3d94\" data-element_type=\"section\" data-e-type=\"section\" data-settings=\"{&quot;stretch_section&quot;:&quot;section-stretched&quot;}\">\n\t\t\t\t\t\t<div class=\"elementor-container elementor-column-gap-default\">\n\t\t\t\t\t<div class=\"elementor-column elementor-col-50 elementor-top-column elementor-element elementor-element-f75ffd0\" data-id=\"f75ffd0\" data-element_type=\"column\" data-e-type=\"column\">\n\t\t\t<div class=\"elementor-widget-wrap elementor-element-populated\">\n\t\t\t\t\t\t<div class=\"elementor-element elementor-element-45701dc elementor-widget elementor-widget-heading\" data-id=\"45701dc\" data-element_type=\"widget\" data-e-type=\"widget\" data-widget_type=\"heading.default\">\n\t\t\t\t<div class=\"elementor-widget-container\">\n\t\t\t\t\t<h2 class=\"elementor-heading-title elementor-size-default\">H\u00f4tel   <span class=\"manuscrit\">familial<\/span> <br>\n<em>Pour une nuit \u00e9toil\u00e9e<\/em><\/h2>\t\t\t\t<\/div>\n\t\t\t\t<\/div>\n\t\t\t\t<div class=\"elementor-element elementor-element-8b92070 elementor-widget elementor-widget-image\" data-id=\"8b92070\" data-element_type=\"widget\" data-e-type=\"widget\" data-widget_type=\"image.default\">\n\t\t\t\t<div class=\"elementor-widget-container\">\n\t\t\t\t\t\t\t\t\t\t\t\t\t\t\t<img fetchpriority=\"high\" decoding=\"async\" width=\"1024\" height=\"221\" src=\"https:\/\/aubergedajoie.ch\/wp-content\/uploads\/2020\/11\/ligne-1-1024x221.png\" class=\"attachment-large size-large wp-image-4393\" alt=\"\" srcset=\"https:\/\/aubergedajoie.ch\/wp-content\/uploads\/2020\/11\/ligne-1-1024x221.png 1024w, https:\/\/aubergedajoie.ch\/wp-content\/uploads\/2020\/11\/ligne-1-300x65.png 300w, https:\/\/aubergedajoie.ch\/wp-content\/uploads\/2020\/11\/ligne-1-768x166.png 768w, https:\/\/aubergedajoie.ch\/wp-content\/uploads\/2020\/11\/ligne-1-1536x332.png 1536w, https:\/\/aubergedajoie.ch\/wp-content\/uploads\/2020\/11\/ligne-1-2048x443.png 2048w\" sizes=\"(max-width: 1024px) 100vw, 1024px\" \/>\t\t\t\t\t\t\t\t\t\t\t\t\t\t\t<\/div>\n\t\t\t\t<\/div>\n\t\t\t\t<div class=\"elementor-element elementor-element-fab887e elementor-widget elementor-widget-text-editor\" data-id=\"fab887e\" data-element_type=\"widget\" data-e-type=\"widget\" data-widget_type=\"text-editor.default\">\n\t\t\t\t<div class=\"elementor-widget-container\">\n\t\t\t\t\t\t\t\t\t<p>Nous vous proposons six chambres pour des nuits sans nuage et reposantes.<\/p><p>Nous avons imagin\u00e9 des chambres confortables et qui vous glissent, au milieu de la nuit, quelques \u00e9toiles dans les yeux.<\/p><p>Pour cela, nous avons choisi des mat\u00e9riaux nobles et du mobilier haut de gamme.<\/p>\t\t\t\t\t\t\t\t<\/div>\n\t\t\t\t<\/div>\n\t\t\t\t\t<\/div>\n\t\t<\/div>\n\t\t\t\t<div class=\"elementor-column elementor-col-50 elementor-top-column elementor-element elementor-element-bd7a338\" data-id=\"bd7a338\" data-element_type=\"column\" data-e-type=\"column\" data-settings=\"{&quot;background_background&quot;:&quot;classic&quot;}\">\n\t\t\t<div class=\"elementor-widget-wrap elementor-element-populated\">\n\t\t\t\t\t\t<div class=\"elementor-element elementor-element-ba782ea elementor-widget elementor-widget-image\" data-id=\"ba782ea\" data-element_type=\"widget\" data-e-type=\"widget\" data-widget_type=\"image.default\">\n\t\t\t\t<div class=\"elementor-widget-container\">\n\t\t\t\t\t\t\t\t\t\t\t\t\t\t\t<img decoding=\"async\" width=\"1024\" height=\"684\" src=\"https:\/\/aubergedajoie.ch\/wp-content\/uploads\/2020\/11\/chambre-auberge-ajoie-1-1024x684.jpg\" class=\"attachment-large size-large wp-image-4323\" alt=\"\" srcset=\"https:\/\/aubergedajoie.ch\/wp-content\/uploads\/2020\/11\/chambre-auberge-ajoie-1-1024x684.jpg 1024w, https:\/\/aubergedajoie.ch\/wp-content\/uploads\/2020\/11\/chambre-auberge-ajoie-1-300x200.jpg 300w, https:\/\/aubergedajoie.ch\/wp-content\/uploads\/2020\/11\/chambre-auberge-ajoie-1-768x513.jpg 768w, https:\/\/aubergedajoie.ch\/wp-content\/uploads\/2020\/11\/chambre-auberge-ajoie-1-1536x1026.jpg 1536w, https:\/\/aubergedajoie.ch\/wp-content\/uploads\/2020\/11\/chambre-auberge-ajoie-1.jpg 1800w\" sizes=\"(max-width: 1024px) 100vw, 1024px\" \/>\t\t\t\t\t\t\t\t\t\t\t\t\t\t\t<\/div>\n\t\t\t\t<\/div>\n\t\t\t\t<div class=\"elementor-element elementor-element-e45c61a elementor-widget elementor-widget-heading\" data-id=\"e45c61a\" data-element_type=\"widget\" data-e-type=\"widget\" data-widget_type=\"heading.default\">\n\t\t\t\t<div class=\"elementor-widget-container\">\n\t\t\t\t\t<h2 class=\"elementor-heading-title elementor-size-default\">Comme \u00e0 la <span class=\"manuscrit\" style=\"font-size: 1.5em;padding-left: 10px\">maison<\/span> <\/h2>\t\t\t\t<\/div>\n\t\t\t\t<\/div>\n\t\t\t\t<div class=\"elementor-element elementor-element-ab611fb elementor-align-center elementor-widget elementor-widget-button\" data-id=\"ab611fb\" data-element_type=\"widget\" data-e-type=\"widget\" data-widget_type=\"button.default\">\n\t\t\t\t<div class=\"elementor-widget-container\">\n\t\t\t\t\t\t\t\t\t<div class=\"elementor-button-wrapper\">\n\t\t\t\t\t<a class=\"elementor-button elementor-button-link elementor-size-sm\" href=\"https:\/\/aubergedajoie.ch\/de\/chambres\/\">\n\t\t\t\t\t\t<span class=\"elementor-button-content-wrapper\">\n\t\t\t\t\t\t\t\t\t<span class=\"elementor-button-text\">D\u00e9couvrir les chambres<\/span>\n\t\t\t\t\t<\/span>\n\t\t\t\t\t<\/a>\n\t\t\t\t<\/div>\n\t\t\t\t\t\t\t\t<\/div>\n\t\t\t\t<\/div>\n\t\t\t\t\t<\/div>\n\t\t<\/div>\n\t\t\t\t\t<\/div>\n\t\t<\/section>\n\t\t\t\t<section class=\"elementor-section elementor-top-section elementor-element elementor-element-af10b5b elementor-section-stretched elementor-section-boxed elementor-section-height-default elementor-section-height-default\" data-id=\"af10b5b\" data-element_type=\"section\" data-e-type=\"section\" data-settings=\"{&quot;stretch_section&quot;:&quot;section-stretched&quot;}\">\n\t\t\t\t\t\t<div class=\"elementor-container elementor-column-gap-default\">\n\t\t\t\t\t<div class=\"elementor-column elementor-col-50 elementor-top-column elementor-element elementor-element-739f262\" data-id=\"739f262\" data-element_type=\"column\" data-e-type=\"column\" data-settings=\"{&quot;background_background&quot;:&quot;classic&quot;}\">\n\t\t\t<div class=\"elementor-widget-wrap elementor-element-populated\">\n\t\t\t\t\t\t<div class=\"elementor-element elementor-element-98c4455 elementor-widget elementor-widget-image\" data-id=\"98c4455\" data-element_type=\"widget\" data-e-type=\"widget\" data-widget_type=\"image.default\">\n\t\t\t\t<div class=\"elementor-widget-container\">\n\t\t\t\t\t\t\t\t\t\t\t\t\t\t\t<img decoding=\"async\" width=\"550\" height=\"367\" src=\"https:\/\/aubergedajoie.ch\/wp-content\/uploads\/2020\/11\/auberge-d-ajoie-a-porrentruy.jpg\" class=\"attachment-large size-large wp-image-4335\" alt=\"\" srcset=\"https:\/\/aubergedajoie.ch\/wp-content\/uploads\/2020\/11\/auberge-d-ajoie-a-porrentruy.jpg 550w, https:\/\/aubergedajoie.ch\/wp-content\/uploads\/2020\/11\/auberge-d-ajoie-a-porrentruy-300x200.jpg 300w\" sizes=\"(max-width: 550px) 100vw, 550px\" \/>\t\t\t\t\t\t\t\t\t\t\t\t\t\t\t<\/div>\n\t\t\t\t<\/div>\n\t\t\t\t<div class=\"elementor-element elementor-element-3896499 elementor-absolute elementor-widget elementor-widget-heading\" data-id=\"3896499\" data-element_type=\"widget\" data-e-type=\"widget\" data-settings=\"{&quot;_position&quot;:&quot;absolute&quot;}\" data-widget_type=\"heading.default\">\n\t\t\t\t<div class=\"elementor-widget-container\">\n\t\t\t\t\t<h2 class=\"elementor-heading-title elementor-size-default\">Chambre \u00e9toil\u00e9e <\/h2>\t\t\t\t<\/div>\n\t\t\t\t<\/div>\n\t\t\t\t<div class=\"elementor-element elementor-element-c3801f0 elementor-widget elementor-widget-heading\" data-id=\"c3801f0\" data-element_type=\"widget\" data-e-type=\"widget\" data-widget_type=\"heading.default\">\n\t\t\t\t<div class=\"elementor-widget-container\">\n\t\t\t\t\t<h2 class=\"elementor-heading-title elementor-size-default\">Comme sur un <span class=\"manuscrit\" style=\"font-size: 1.5em;padding-left: 10px\">nuage<\/span>  \u200b<\/h2>\t\t\t\t<\/div>\n\t\t\t\t<\/div>\n\t\t\t\t<div class=\"elementor-element elementor-element-516f533 elementor-align-center elementor-widget elementor-widget-button\" data-id=\"516f533\" data-element_type=\"widget\" data-e-type=\"widget\" data-widget_type=\"button.default\">\n\t\t\t\t<div class=\"elementor-widget-container\">\n\t\t\t\t\t\t\t\t\t<div class=\"elementor-button-wrapper\">\n\t\t\t\t\t<a class=\"elementor-button elementor-button-link elementor-size-sm\" href=\"https:\/\/aubergedajoie.ch\/de\/menu-page\/\">\n\t\t\t\t\t\t<span class=\"elementor-button-content-wrapper\">\n\t\t\t\t\t\t\t\t\t<span class=\"elementor-button-text\">D\u00e9couvrir nos produits<\/span>\n\t\t\t\t\t<\/span>\n\t\t\t\t\t<\/a>\n\t\t\t\t<\/div>\n\t\t\t\t\t\t\t\t<\/div>\n\t\t\t\t<\/div>\n\t\t\t\t\t<\/div>\n\t\t<\/div>\n\t\t\t\t<div class=\"elementor-column elementor-col-50 elementor-top-column elementor-element elementor-element-7f6634a\" data-id=\"7f6634a\" data-element_type=\"column\" data-e-type=\"column\">\n\t\t\t<div class=\"elementor-widget-wrap elementor-element-populated\">\n\t\t\t\t\t\t<div class=\"elementor-element elementor-element-ab7146d elementor-widget elementor-widget-image\" data-id=\"ab7146d\" data-element_type=\"widget\" data-e-type=\"widget\" data-widget_type=\"image.default\">\n\t\t\t\t<div class=\"elementor-widget-container\">\n\t\t\t\t\t\t\t\t\t\t\t\t\t\t\t<img loading=\"lazy\" decoding=\"async\" width=\"1024\" height=\"543\" src=\"https:\/\/aubergedajoie.ch\/wp-content\/uploads\/2020\/11\/nuage-1-1024x543.png\" class=\"attachment-large size-large wp-image-4394\" alt=\"\" srcset=\"https:\/\/aubergedajoie.ch\/wp-content\/uploads\/2020\/11\/nuage-1-1024x543.png 1024w, https:\/\/aubergedajoie.ch\/wp-content\/uploads\/2020\/11\/nuage-1-300x159.png 300w, https:\/\/aubergedajoie.ch\/wp-content\/uploads\/2020\/11\/nuage-1-768x408.png 768w, https:\/\/aubergedajoie.ch\/wp-content\/uploads\/2020\/11\/nuage-1.png 1383w\" sizes=\"(max-width: 1024px) 100vw, 1024px\" \/>\t\t\t\t\t\t\t\t\t\t\t\t\t\t\t<\/div>\n\t\t\t\t<\/div>\n\t\t\t\t<div class=\"elementor-element elementor-element-eefb716 elementor-widget elementor-widget-heading\" data-id=\"eefb716\" data-element_type=\"widget\" data-e-type=\"widget\" data-widget_type=\"heading.default\">\n\t\t\t\t<div class=\"elementor-widget-container\">\n\t\t\t\t\t<h2 class=\"elementor-heading-title elementor-size-default\">Caf\u00e9   <span class=\"manuscrit\">heureux<\/span> <br>\n<em>Pour une parenth\u00e8se gustative<\/em><br>-<\/h2>\t\t\t\t<\/div>\n\t\t\t\t<\/div>\n\t\t\t\t<div class=\"elementor-element elementor-element-1b7a350 elementor-widget elementor-widget-text-editor\" data-id=\"1b7a350\" data-element_type=\"widget\" data-e-type=\"widget\" data-widget_type=\"text-editor.default\">\n\t\t\t\t<div class=\"elementor-widget-container\">\n\t\t\t\t\t\t\t\t\t<p>Tous nos produits sont s\u00e9lectionn\u00e9s, dans la bonne humeur, et avec beaucoup de soin. Nous les choisissons pour leur valeur gustative et leur m\u00e9thode de fabrication artisanale.<\/p><p>A l\u2019Auberge, nous aimons les produits artisanaux r\u00e9alis\u00e9s, avec amour, par des producteurs locaux.<br \/>Nous aimons rencontrer, \u00e9changer, partager.<\/p><p>Et tout cela, avec vous. Et pour vous.<\/p>\t\t\t\t\t\t\t\t<\/div>\n\t\t\t\t<\/div>\n\t\t\t\t\t<\/div>\n\t\t<\/div>\n\t\t\t\t\t<\/div>\n\t\t<\/section>\n\t\t\t\t<section class=\"elementor-section elementor-top-section elementor-element elementor-element-d806895 elementor-section-boxed elementor-section-height-default elementor-section-height-default\" data-id=\"d806895\" data-element_type=\"section\" data-e-type=\"section\" data-settings=\"{&quot;background_background&quot;:&quot;classic&quot;}\">\n\t\t\t\t\t\t<div class=\"elementor-container elementor-column-gap-default\">\n\t\t\t\t\t<div class=\"elementor-column elementor-col-100 elementor-top-column elementor-element elementor-element-60ad829\" data-id=\"60ad829\" data-element_type=\"column\" data-e-type=\"column\">\n\t\t\t<div class=\"elementor-widget-wrap elementor-element-populated\">\n\t\t\t\t\t\t<div class=\"elementor-element elementor-element-15a6541 elementor-widget elementor-widget-heading\" data-id=\"15a6541\" data-element_type=\"widget\" data-e-type=\"widget\" data-widget_type=\"heading.default\">\n\t\t\t\t<div class=\"elementor-widget-container\">\n\t\t\t\t\t<h2 class=\"elementor-heading-title elementor-size-default\">La belle <strong>histoire<\/strong><\/h2>\t\t\t\t<\/div>\n\t\t\t\t<\/div>\n\t\t\t\t<div class=\"elementor-element elementor-element-74aa874 elementor-widget-divider--view-line elementor-widget elementor-widget-divider\" data-id=\"74aa874\" data-element_type=\"widget\" data-e-type=\"widget\" data-widget_type=\"divider.default\">\n\t\t\t\t<div class=\"elementor-widget-container\">\n\t\t\t\t\t\t\t<div class=\"elementor-divider\">\n\t\t\t<span class=\"elementor-divider-separator\">\n\t\t\t\t\t\t<\/span>\n\t\t<\/div>\n\t\t\t\t\t\t<\/div>\n\t\t\t\t<\/div>\n\t\t\t\t<div class=\"elementor-element elementor-element-fe21f4f elementor-widget elementor-widget-text-editor\" data-id=\"fe21f4f\" data-element_type=\"widget\" data-e-type=\"widget\" data-widget_type=\"text-editor.default\">\n\t\t\t\t<div class=\"elementor-widget-container\">\n\t\t\t\t\t\t\t\t\t<p>Nous sommes un<strong> h\u00f4tel familial au c\u0153ur<\/strong> de l\u2019Europe.<\/p><p>Nous aimons les belles et les bonnes choses. Nous sommes amoureux, passionn\u00e9s, cr\u00e9atifs. Plus que tout,nous aimons les belles histoires. <strong>Nous sommes tomb\u00e9s fous amoureux de l\u2019Auberge d\u2019Ajoie un apr\u00e8s-midi d\u2019\u00e9t\u00e9.<\/strong><\/p><p>Sur un coup de t\u00eate, nous l\u2019avons achet\u00e9e. Sur un coup de c\u0153ur, nous avons d\u00e9cid\u00e9 d\u2019en faire un lieu particulier : <strong>un lieu de vie accueillant, heureux et simple<\/strong>.<\/p><p>L\u2019Auberge d\u2019Ajoie, c\u2019est un lieu o\u00f9 les habitants d\u2019Ajoie s\u2019y sentent chez eux et qui accueillent, comme chez eux, les touristes du monde entier.<\/p><p>Ici, on y trouve de la bonne humeur,\u00a0 des produits frais et de saison, et des lits o\u00f9 l\u2019on fait de jolis r\u00eaves.\u00a0 On y partage des moments heureux. On rit beaucoup et pleure, peut-\u00eatre parfois.<\/p><p>On c\u00e9l\u00e8bre des beaux jours et on vient s\u2019y ressourcer.<\/p><p style=\"text-align: right; font-size: 1.2em;\">\u00a0<\/p>\t\t\t\t\t\t\t\t<\/div>\n\t\t\t\t<\/div>\n\t\t\t\t<div class=\"elementor-element elementor-element-0ec1d60 elementor-widget elementor-widget-text-editor\" data-id=\"0ec1d60\" data-element_type=\"widget\" data-e-type=\"widget\" data-widget_type=\"text-editor.default\">\n\t\t\t\t<div class=\"elementor-widget-container\">\n\t\t\t\t\t\t\t\t\t<p>Bienvenue chez nous, chez vous.<br \/><strong>Bienvenue \u00e0 l&rsquo;Auberge d\u2019Ajoie<\/strong>.<\/p>\t\t\t\t\t\t\t\t<\/div>\n\t\t\t\t<\/div>\n\t\t\t\t\t<\/div>\n\t\t<\/div>\n\t\t\t\t\t<\/div>\n\t\t<\/section>\n\t\t\t\t<\/div>","protected":false},"excerpt":{"rendered":"<p>H\u00f4tel familial et caf\u00e9 heureux \u00e0 Porrentruy H\u00f4tel familial Pour une nuit \u00e9toil\u00e9e Nous vous proposons six chambres pour des nuits sans nuage et reposantes. Nous avons imagin\u00e9 des chambres confortables et qui vous glissent, au milieu de la nuit, quelques \u00e9toiles dans les yeux. Pour cela, nous avons choisi des mat\u00e9riaux nobles et du [&hellip;]<\/p>\n","protected":false},"author":2,"featured_media":0,"parent":0,"menu_order":0,"comment_status":"closed","ping_status":"closed","template":"","meta":{"footnotes":""},"class_list":["post-4216","page","type-page","status-publish","hentry"],"_links":{"self":[{"href":"https:\/\/aubergedajoie.ch\/de\/wp-json\/wp\/v2\/pages\/4216","targetHints":{"allow":["GET"]}}],"collection":[{"href":"https:\/\/aubergedajoie.ch\/de\/wp-json\/wp\/v2\/pages"}],"about":[{"href":"https:\/\/aubergedajoie.ch\/de\/wp-json\/wp\/v2\/types\/page"}],"author":[{"embeddable":true,"href":"https:\/\/aubergedajoie.ch\/de\/wp-json\/wp\/v2\/users\/2"}],"replies":[{"embeddable":true,"href":"https:\/\/aubergedajoie.ch\/de\/wp-json\/wp\/v2\/comments?post=4216"}],"version-history":[{"count":114,"href":"https:\/\/aubergedajoie.ch\/de\/wp-json\/wp\/v2\/pages\/4216\/revisions"}],"predecessor-version":[{"id":5405,"href":"https:\/\/aubergedajoie.ch\/de\/wp-json\/wp\/v2\/pages\/4216\/revisions\/5405"}],"wp:attachment":[{"href":"https:\/\/aubergedajoie.ch\/de\/wp-json\/wp\/v2\/media?parent=4216"}],"curies":[{"name":"wp","href":"https:\/\/api.w.org\/{rel}","templated":true}]}}