{"id":2712,"date":"2020-04-01T10:05:27","date_gmt":"2020-04-01T08:05:27","guid":{"rendered":"https:\/\/alloggio.qodeinteractive.com\/?page_id=2712"},"modified":"2026-03-17T14:55:44","modified_gmt":"2026-03-17T13:55:44","slug":"belles-adresses-2","status":"publish","type":"page","link":"https:\/\/aubergedajoie.ch\/de\/belles-adresses-2\/","title":{"rendered":"Beliebte Adressen"},"content":{"rendered":"<div data-elementor-type=\"wp-page\" data-elementor-id=\"2712\" class=\"elementor elementor-2712\" data-elementor-post-type=\"page\">\n\t\t\t\t\t\t<section class=\"elementor-section elementor-top-section elementor-element elementor-element-1d55ac53 elementor-section-boxed elementor-section-height-default elementor-section-height-default\" data-id=\"1d55ac53\" data-element_type=\"section\" data-e-type=\"section\" data-settings=\"{&quot;background_background&quot;:&quot;classic&quot;}\">\n\t\t\t\t\t\t<div class=\"elementor-container elementor-column-gap-default\">\n\t\t\t\t\t<div class=\"elementor-column elementor-col-100 elementor-top-column elementor-element elementor-element-37c4ac8c\" data-id=\"37c4ac8c\" data-element_type=\"column\" data-e-type=\"column\">\n\t\t\t<div class=\"elementor-widget-wrap elementor-element-populated\">\n\t\t\t\t\t\t<div class=\"elementor-element elementor-element-cd200aa elementor-widget elementor-widget-image\" data-id=\"cd200aa\" data-element_type=\"widget\" data-e-type=\"widget\" data-widget_type=\"image.default\">\n\t\t\t\t<div class=\"elementor-widget-container\">\n\t\t\t\t\t\t\t\t\t\t\t\t\t\t\t<img decoding=\"async\" width=\"154\" height=\"130\" src=\"https:\/\/aubergedajoie.ch\/wp-content\/uploads\/2020\/11\/coeur.png\" class=\"attachment-large size-large wp-image-5033\" alt=\"\" \/>\t\t\t\t\t\t\t\t\t\t\t\t\t\t\t<\/div>\n\t\t\t\t<\/div>\n\t\t\t\t<div class=\"elementor-element elementor-element-20d50232 elementor-widget elementor-widget-heading\" data-id=\"20d50232\" data-element_type=\"widget\" data-e-type=\"widget\" data-widget_type=\"heading.default\">\n\t\t\t\t<div class=\"elementor-widget-container\">\n\t\t\t\t\t<h2 class=\"elementor-heading-title elementor-size-default\">Les belles <strong>adresses<\/strong><\/h2>\t\t\t\t<\/div>\n\t\t\t\t<\/div>\n\t\t\t\t<div class=\"elementor-element elementor-element-5e676ab4 elementor-widget-divider--view-line elementor-widget elementor-widget-divider\" data-id=\"5e676ab4\" data-element_type=\"widget\" data-e-type=\"widget\" data-widget_type=\"divider.default\">\n\t\t\t\t<div class=\"elementor-widget-container\">\n\t\t\t\t\t\t\t<div class=\"elementor-divider\">\n\t\t\t<span class=\"elementor-divider-separator\">\n\t\t\t\t\t\t<\/span>\n\t\t<\/div>\n\t\t\t\t\t\t<\/div>\n\t\t\t\t<\/div>\n\t\t\t\t<div class=\"elementor-element elementor-element-2aa3ca66 elementor-widget elementor-widget-text-editor\" data-id=\"2aa3ca66\" data-element_type=\"widget\" data-e-type=\"widget\" data-widget_type=\"text-editor.default\">\n\t\t\t\t<div class=\"elementor-widget-container\">\n\t\t\t\t\t\t\t\t\t<p>Plus que tout, j&rsquo;aime partager, rencontrer et d\u00e9couvrir des p\u00e9pites. Je crois que la magie d&rsquo;un voyage r\u00e9ussi commence souvent par des adresses secr\u00e8tes.<\/p><p>J&rsquo;ai r\u00e9pertori\u00e9, pour vous, ces lieux uniques qui font l&rsquo;\u00e2me de ma r\u00e9gion et qui la rende si particuli\u00e8re \u00e0 mes yeux. Vous y d\u00e9couvrirez un brocanteur passionn\u00e9, les doigts de f\u00e9e de Jeanne le temps d&rsquo;un massage ou encore vous vivrez un exp\u00e9rience gustative unique au c\u0153ur d&rsquo;un ch\u00e2teau.<\/p><p>Partez \u00e0 l&rsquo;aventure, ouvrez les yeux, \u00e9merveillez-vous : vous verrez, la r\u00e9gion de l&rsquo;Ajoie est incroyable et surprenante.<\/p>\t\t\t\t\t\t\t\t<\/div>\n\t\t\t\t<\/div>\n\t\t\t\t<div class=\"elementor-element elementor-element-e1f6efe elementor-widget elementor-widget-heading\" data-id=\"e1f6efe\" data-element_type=\"widget\" data-e-type=\"widget\" data-widget_type=\"heading.default\">\n\t\t\t\t<div class=\"elementor-widget-container\">\n\t\t\t\t\t<h2 class=\"elementor-heading-title elementor-size-default\">Fanny<br><\/h2>\t\t\t\t<\/div>\n\t\t\t\t<\/div>\n\t\t\t\t\t<\/div>\n\t\t<\/div>\n\t\t\t\t\t<\/div>\n\t\t<\/section>\n\t\t\t\t<section class=\"elementor-section elementor-top-section elementor-element elementor-element-a9bcd75 elementor-section-full_width elementor-section-height-default elementor-section-height-default\" data-id=\"a9bcd75\" data-element_type=\"section\" data-e-type=\"section\">\n\t\t\t\t\t\t<div class=\"elementor-container elementor-column-gap-no\">\n\t\t\t\t\t<div class=\"elementor-column elementor-col-100 elementor-top-column elementor-element elementor-element-8ddce2e\" data-id=\"8ddce2e\" data-element_type=\"column\" data-e-type=\"column\">\n\t\t\t<div class=\"elementor-widget-wrap elementor-element-populated\">\n\t\t\t\t\t\t<div class=\"elementor-element elementor-element-5c6ad1a elementor-widget elementor-widget-image\" data-id=\"5c6ad1a\" data-element_type=\"widget\" data-e-type=\"widget\" data-widget_type=\"image.default\">\n\t\t\t\t<div class=\"elementor-widget-container\">\n\t\t\t\t\t\t\t\t\t\t\t\t\t\t\t<img fetchpriority=\"high\" decoding=\"async\" width=\"7016\" height=\"4961\" src=\"https:\/\/aubergedajoie.ch\/wp-content\/uploads\/2026\/03\/Carte_Auberge-dAjoie-site_V01.png\" class=\"attachment-full size-full wp-image-5370\" alt=\"\" srcset=\"https:\/\/aubergedajoie.ch\/wp-content\/uploads\/2026\/03\/Carte_Auberge-dAjoie-site_V01.png 7016w, https:\/\/aubergedajoie.ch\/wp-content\/uploads\/2026\/03\/Carte_Auberge-dAjoie-site_V01-300x212.png 300w, https:\/\/aubergedajoie.ch\/wp-content\/uploads\/2026\/03\/Carte_Auberge-dAjoie-site_V01-1024x724.png 1024w, https:\/\/aubergedajoie.ch\/wp-content\/uploads\/2026\/03\/Carte_Auberge-dAjoie-site_V01-768x543.png 768w, https:\/\/aubergedajoie.ch\/wp-content\/uploads\/2026\/03\/Carte_Auberge-dAjoie-site_V01-1536x1086.png 1536w, https:\/\/aubergedajoie.ch\/wp-content\/uploads\/2026\/03\/Carte_Auberge-dAjoie-site_V01-2048x1448.png 2048w\" sizes=\"(max-width: 7016px) 100vw, 7016px\" \/>\t\t\t\t\t\t\t\t\t\t\t\t\t\t\t<\/div>\n\t\t\t\t<\/div>\n\t\t\t\t\t<\/div>\n\t\t<\/div>\n\t\t\t\t\t<\/div>\n\t\t<\/section>\n\t\t\t\t<\/div>","protected":false},"excerpt":{"rendered":"<p>Les belles adresses Plus que tout, j&rsquo;aime partager, rencontrer et d\u00e9couvrir des p\u00e9pites. Je crois que la magie d&rsquo;un voyage r\u00e9ussi commence souvent par des adresses secr\u00e8tes. J&rsquo;ai r\u00e9pertori\u00e9, pour vous, ces lieux uniques qui font l&rsquo;\u00e2me de ma r\u00e9gion et qui la rende si particuli\u00e8re \u00e0 mes yeux. Vous y d\u00e9couvrirez un brocanteur passionn\u00e9, [&hellip;]<\/p>\n","protected":false},"author":2,"featured_media":0,"parent":0,"menu_order":0,"comment_status":"closed","ping_status":"closed","template":"","meta":{"footnotes":""},"class_list":["post-2712","page","type-page","status-publish","hentry"],"_links":{"self":[{"href":"https:\/\/aubergedajoie.ch\/de\/wp-json\/wp\/v2\/pages\/2712","targetHints":{"allow":["GET"]}}],"collection":[{"href":"https:\/\/aubergedajoie.ch\/de\/wp-json\/wp\/v2\/pages"}],"about":[{"href":"https:\/\/aubergedajoie.ch\/de\/wp-json\/wp\/v2\/types\/page"}],"author":[{"embeddable":true,"href":"https:\/\/aubergedajoie.ch\/de\/wp-json\/wp\/v2\/users\/2"}],"replies":[{"embeddable":true,"href":"https:\/\/aubergedajoie.ch\/de\/wp-json\/wp\/v2\/comments?post=2712"}],"version-history":[{"count":58,"href":"https:\/\/aubergedajoie.ch\/de\/wp-json\/wp\/v2\/pages\/2712\/revisions"}],"predecessor-version":[{"id":5379,"href":"https:\/\/aubergedajoie.ch\/de\/wp-json\/wp\/v2\/pages\/2712\/revisions\/5379"}],"wp:attachment":[{"href":"https:\/\/aubergedajoie.ch\/de\/wp-json\/wp\/v2\/media?parent=2712"}],"curies":[{"name":"wp","href":"https:\/\/api.w.org\/{rel}","templated":true}]}}