{"id":2694,"date":"2020-04-01T09:13:11","date_gmt":"2020-04-01T07:13:11","guid":{"rendered":"https:\/\/alloggio.qodeinteractive.com\/?page_id=2694"},"modified":"2026-03-17T13:45:13","modified_gmt":"2026-03-17T12:45:13","slug":"faq","status":"publish","type":"page","link":"https:\/\/aubergedajoie.ch\/de\/faq\/","title":{"rendered":"FAQ"},"content":{"rendered":"<div data-elementor-type=\"wp-page\" data-elementor-id=\"2694\" class=\"elementor elementor-2694\" data-elementor-post-type=\"page\">\n\t\t\t\t\t\t<section class=\"elementor-section elementor-top-section elementor-element elementor-element-ba24173 elementor-section-full_width elementor-section-height-default elementor-section-height-default\" data-id=\"ba24173\" data-element_type=\"section\" data-e-type=\"section\">\n\t\t\t\t\t\t<div class=\"elementor-container elementor-column-gap-no\">\n\t\t\t\t\t<div class=\"elementor-column elementor-col-100 elementor-top-column elementor-element elementor-element-ad81f16\" data-id=\"ad81f16\" data-element_type=\"column\" data-e-type=\"column\">\n\t\t\t<div class=\"elementor-widget-wrap\">\n\t\t\t\t\t\t\t<\/div>\n\t\t<\/div>\n\t\t\t\t\t<\/div>\n\t\t<\/section>\n\t\t\t\t<\/div>","protected":false},"excerpt":{"rendered":"<p>Quelles sont les conditions d&#039;annulation ? En cas d&rsquo;annulation ou de modifications jusqu&rsquo;\u00e0 3 jours avant la date d&rsquo;arriv\u00e9e, nous ne pr\u00e9levons pas de frais. Pour les annulations, les modifications tardives ou en cas de non-pr\u00e9sentation, le 50% du montant total de la r\u00e9servation est pr\u00e9lev\u00e9 Puis-je privatiser une partie ou la totalit\u00e9 de votre [&hellip;]<\/p>\n","protected":false},"author":2,"featured_media":0,"parent":0,"menu_order":0,"comment_status":"closed","ping_status":"closed","template":"page-full-width.php","meta":{"footnotes":""},"class_list":["post-2694","page","type-page","status-publish","hentry"],"_links":{"self":[{"href":"https:\/\/aubergedajoie.ch\/de\/wp-json\/wp\/v2\/pages\/2694","targetHints":{"allow":["GET"]}}],"collection":[{"href":"https:\/\/aubergedajoie.ch\/de\/wp-json\/wp\/v2\/pages"}],"about":[{"href":"https:\/\/aubergedajoie.ch\/de\/wp-json\/wp\/v2\/types\/page"}],"author":[{"embeddable":true,"href":"https:\/\/aubergedajoie.ch\/de\/wp-json\/wp\/v2\/users\/2"}],"replies":[{"embeddable":true,"href":"https:\/\/aubergedajoie.ch\/de\/wp-json\/wp\/v2\/comments?post=2694"}],"version-history":[{"count":14,"href":"https:\/\/aubergedajoie.ch\/de\/wp-json\/wp\/v2\/pages\/2694\/revisions"}],"predecessor-version":[{"id":5356,"href":"https:\/\/aubergedajoie.ch\/de\/wp-json\/wp\/v2\/pages\/2694\/revisions\/5356"}],"wp:attachment":[{"href":"https:\/\/aubergedajoie.ch\/de\/wp-json\/wp\/v2\/media?parent=2694"}],"curies":[{"name":"wp","href":"https:\/\/api.w.org\/{rel}","templated":true}]}}